{"id":27,"date":"2020-01-29T12:20:34","date_gmt":"2020-01-29T15:20:34","guid":{"rendered":"https:\/\/endopedrio.com.br\/?page_id=27"},"modified":"2024-04-29T07:59:04","modified_gmt":"2024-04-29T10:59:04","slug":"agendamentos","status":"publish","type":"page","link":"https:\/\/endopedrio.com.br\/","title":{"rendered":"\u201cEndoscopia digestiva feita por quem entende de crian\u00e7as\u201d"},"content":{"rendered":"<p><span style=\"color: #000080;\"><strong>ENDOSCOPIA DIGESTIVA PEDI\u00c1TRICA DIAGN\u00d3STICA E TERAP\u00caUTICA\u00a0<\/strong><\/span><\/p>\n<ul>\n<li><span style=\"color: #000080;\">Informa\u00e7\u00f5es e agendamento diretamente com as m\u00e9dicas coordenadoras do Servi\u00e7o de Endoscopia Digestiva Pedi\u00e1trica.<\/span><\/li>\n<li><span style=\"color: #000080;\">Laudos m\u00e9dicos emitidos com fotos e selo de qualidade da Sociedade Brasileira de Endoscopia Digestiva, entregues logo ap\u00f3s a conclus\u00e3o do exame.<\/span><\/li>\n<li><span style=\"color: #000080;\">Exames realizados sob anestesia geral por m\u00e9dico Anestesiologista Pedi\u00e1trico para o conforto e seguran\u00e7a das crian\u00e7as.<\/span><\/li>\n<li><span style=\"color: #000080;\">Equipamentos de videoendoscopia digestiva modernos e adequados ao tamanhos das crian\u00e7as\u00a0<\/span><\/li>\n<li><span style=\"color: #000080;\">Para agendar o exame voc\u00ea dever\u00e1 ter um pedido m\u00e9dico. Atendemos \u00e0 diversos conv\u00eanios m\u00e9dicos e particular.<\/span><\/li>\n<li><span style=\"color: #000080;\">Interna\u00e7\u00e3o no dia da endoscopia e alta hospitalar em at\u00e9 2 horas ap\u00f3s o exame<\/span><\/li>\n<\/ul>\n<p><span style=\"color: #000000;\">Com a pandemia de COVID-19 todas as rotinas mudaram. Estamos seguindo todas as recomenda\u00e7\u00f5es da Sociedade Brasileira de Endoscopia Digestiva e das Sociedades de Endoscopia mundiais. Nossa prioridade \u00e9 manter o atendimento de qualidade com toda a seguran\u00e7a dos nossos pacientes e da nossa equipe.<\/span><\/p>\n<p><strong>LOCAIS PARA REALIZA\u00c7\u00c3O DO EXAME<\/strong><\/p>\n<p>Atendimento em diversos hospitais do Rio de Janeiro.<\/p>\n<p>CONSULTE-NOS<\/p>\n<p>(21) 987870121 | (21) 99999-3842<\/p>\n<p><a href=\"mailto:contato@endopedrio.com.br\">contato@endopedrio.com.br<\/a><\/p>\n","protected":false},"excerpt":{"rendered":"<p>ENDOSCOPIA DIGESTIVA PEDI\u00c1TRICA DIAGN\u00d3STICA E TERAP\u00caUTICA\u00a0 Informa\u00e7\u00f5es e agendamento diretamente com as m\u00e9dicas coordenadoras do Servi\u00e7o de Endoscopia Digestiva Pedi\u00e1trica. Laudos m\u00e9dicos emitidos com fotos e selo de qualidade da Sociedade Brasileira de Endoscopia Digestiva, entregues logo ap\u00f3s a conclus\u00e3o do exame. Exames realizados sob anestesia geral por m\u00e9dico Anestesiologista Pedi\u00e1trico para o conforto e&hellip;<\/p>\n","protected":false},"author":1,"featured_media":0,"parent":0,"menu_order":0,"comment_status":"closed","ping_status":"closed","template":"","meta":{"footnotes":""},"class_list":["post-27","page","type-page","status-publish","hentry"],"_links":{"self":[{"href":"https:\/\/endopedrio.com.br\/index.php?rest_route=\/wp\/v2\/pages\/27","targetHints":{"allow":["GET"]}}],"collection":[{"href":"https:\/\/endopedrio.com.br\/index.php?rest_route=\/wp\/v2\/pages"}],"about":[{"href":"https:\/\/endopedrio.com.br\/index.php?rest_route=\/wp\/v2\/types\/page"}],"author":[{"embeddable":true,"href":"https:\/\/endopedrio.com.br\/index.php?rest_route=\/wp\/v2\/users\/1"}],"replies":[{"embeddable":true,"href":"https:\/\/endopedrio.com.br\/index.php?rest_route=%2Fwp%2Fv2%2Fcomments&post=27"}],"version-history":[{"count":18,"href":"https:\/\/endopedrio.com.br\/index.php?rest_route=\/wp\/v2\/pages\/27\/revisions"}],"predecessor-version":[{"id":273,"href":"https:\/\/endopedrio.com.br\/index.php?rest_route=\/wp\/v2\/pages\/27\/revisions\/273"}],"wp:attachment":[{"href":"https:\/\/endopedrio.com.br\/index.php?rest_route=%2Fwp%2Fv2%2Fmedia&parent=27"}],"curies":[{"name":"wp","href":"https:\/\/api.w.org\/{rel}","templated":true}]}}